{"id":2249,"date":"2019-07-31T12:23:36","date_gmt":"2019-07-31T12:23:36","guid":{"rendered":"https:\/\/hiqvina.com\/product\/mini-round-warning-light-solar-mini-round-warning-light\/"},"modified":"2024-10-02T16:01:39","modified_gmt":"2024-10-02T09:01:39","slug":"mini-round-warning-light-solar-mini-round-warning-light__trashed","status":"publish","type":"product","link":"https:\/\/www.hiqvina.com\/en\/product\/mini-round-warning-light-solar-mini-round-warning-light__trashed\/","title":{"rendered":"Mini round warning light\/Solar mini round warning light"},"content":{"rendered":"\t\t<div data-elementor-type=\"product-post\" data-elementor-id=\"2249\" class=\"elementor elementor-2249 elementor-877\" data-elementor-settings=\"[]\">\n\t\t\t\t\t\t\t<div class=\"elementor-section-wrap\">\n\t\t\t\t\t\t\t<section class=\"elementor-section elementor-top-section elementor-element elementor-element-10c46323 elementor-section-boxed elementor-section-height-default elementor-section-height-default\" data-id=\"10c46323\" data-element_type=\"section\">\n\t\t\t\t\t\t<div class=\"elementor-container elementor-column-gap-default\">\n\t\t\t\t\t<div class=\"elementor-column elementor-col-100 elementor-top-column elementor-element elementor-element-23570d2b\" data-id=\"23570d2b\" data-element_type=\"column\">\n\t\t\t<div class=\"elementor-widget-wrap elementor-element-populated\">\n\t\t\t\t\t\t\t\t<div class=\"elementor-element elementor-element-13c1b815 elementor-widget elementor-widget-text-editor\" data-id=\"13c1b815\" data-element_type=\"widget\" data-widget_type=\"text-editor.default\">\n\t\t\t\t<div class=\"elementor-widget-container\">\n\t\t\t\t\t\t\t\t<p><strong>Traffic Warning Light Features:<\/strong><\/p>\n<ul>\n<li>\n<p>The traffic warning light is used alongside other traffic safety products such as mobile barriers, PE barricades, crash cushions, and PE barrels to enhance and support warning signals to vehicle drivers.<\/p>\n<\/li>\n<li>\n<p>The product can operate for approximately 45 days on a fully charged battery.<\/p>\n<\/li>\n<li>\n<p>The traffic warning light has a simple structure, is easy to install, and its monolithic design reduces deformation from external forces and provides better resistance to harsh weather conditions.<\/p>\n<\/li>\n<li>\n<p>Non-solar-powered warning lights use replaceable batteries installed inside.<\/p>\n<\/li>\n<\/ul>\n<p><strong>Installation Locations for Warning Lights:<\/strong><\/p>\n<ul>\n<li>Traffic warning lights are installed at intersections or in areas requiring traffic warnings or specific guidance.<\/li>\n<\/ul>\n<p><strong>Origin: South Korea<\/strong><\/p>\t\t\t\t\t\t<\/div>\n\t\t\t\t<\/div>\n\t\t\t\t\t<\/div>\n\t\t<\/div>\n\t\t\t\t\t\t\t<\/div>\n\t\t<\/section>\n\t\t\t\t<section class=\"elementor-section elementor-top-section elementor-element elementor-element-03c8ed0 elementor-section-boxed elementor-section-height-default elementor-section-height-default\" data-id=\"03c8ed0\" data-element_type=\"section\">\n\t\t\t\t\t\t<div class=\"elementor-container elementor-column-gap-default\">\n\t\t\t\t\t<div class=\"elementor-column elementor-col-100 elementor-top-column elementor-element elementor-element-f2806ed\" data-id=\"f2806ed\" data-element_type=\"column\">\n\t\t\t<div class=\"elementor-widget-wrap elementor-element-populated\">\n\t\t\t\t\t\t\t\t<div class=\"elementor-element elementor-element-2edf27b elementor-widget elementor-widget-heading\" data-id=\"2edf27b\" data-element_type=\"widget\" data-widget_type=\"heading.default\">\n\t\t\t\t<div class=\"elementor-widget-container\">\n\t\t\t<h2 class=\"elementor-heading-title elementor-size-default\">Technical Drawing<\/h2>\t\t<\/div>\n\t\t\t\t<\/div>\n\t\t\t\t<div class=\"elementor-element elementor-element-7cf8174 elementor-widget elementor-widget-image\" data-id=\"7cf8174\" data-element_type=\"widget\" data-widget_type=\"image.default\">\n\t\t\t\t<div class=\"elementor-widget-container\">\n\t\t\t\t\t\t\t\t\t\t\t\t\t\t\t<img width=\"768\" height=\"1099\" src=\"https:\/\/www.hiqvina.com\/wp-content\/uploads\/2019\/07\/Den-nhay-canh-bao_DC_PDF.webp\" class=\"attachment-medium_large size-medium_large\" alt=\"\" loading=\"lazy\" \/>\t\t\t\t\t\t\t\t\t\t\t\t\t\t\t<\/div>\n\t\t\t\t<\/div>\n\t\t\t\t\t<\/div>\n\t\t<\/div>\n\t\t\t\t\t\t\t<\/div>\n\t\t<\/section>\n\t\t\t\t\t\t<\/div>\n\t\t\t\t\t<\/div>\n\t\t","protected":false},"excerpt":{"rendered":"<p>Traffic Warning Light Features: The traffic warning light is used alongside other traffic safety products such as mobile barriers, PE barricades, crash cushions, and PE barrels to enhance and support warning signals to vehicle drivers. The product can operate for approximately 45 days on a fully charged battery. The traffic warning light has a simple [&hellip;]<\/p>\n","protected":false},"featured_media":12174,"comment_status":"open","ping_status":"closed","template":"","meta":[],"product_cat":[154,155],"product_tag":[170],"yoast_head":"<!-- This site is optimized with the Yoast SEO plugin v16.8 - https:\/\/yoast.com\/wordpress\/plugins\/seo\/ -->\n<title>\u0111\u00e8n c\u1ea3nh b\u00e1o giao th\u00f4ng n\u0103ng l\u01b0\u1ee3ng m\u1eb7t tr\u1eddi, \u0111\u00e8n c\u1ea3nh b\u00e1o tr\u00f2n<\/title>\n<meta name=\"description\" content=\"\u0110\u00e8n nh\u00e1y giao th\u00f4ng (\u0111\u00e8n c\u1ea3nh b\u00e1o tr\u00f2n) c\u00f3 c\u1ea5u t\u1ea1o \u0111\u01a1n gi\u1ea3n, l\u1eafp \u0111\u1eb7t d\u1ec5 d\u00e0ng, thi\u1ebft k\u1ebf nguy\u00ean kh\u1ed1i gi\u00fap h\u1ea1n ch\u1ebf bi\u1ebfn d\u1ea1ng do ngo\u1ea1i l\u1ef1c v\u00e0 ch\u1ed1ng ch\u1ecdi t\u1ed1t h\u01a1n v\u1edbi c\u00e1c \u0111i\u1ec1u ki\u1ec7n th\u1eddi ti\u1ebft kh\u1eafc nghi\u1ec7t.\" \/>\n<meta name=\"robots\" content=\"index, follow, max-snippet:-1, max-image-preview:large, max-video-preview:-1\" \/>\n<link rel=\"canonical\" href=\"https:\/\/hiqvina.com\/en\/product\/mini-round-warning-light-solar-mini-round-warning-light__trashed\/\" \/>\n<meta property=\"og:locale\" content=\"en_US\" \/>\n<meta property=\"og:type\" content=\"article\" \/>\n<meta property=\"og:title\" content=\"\u0111\u00e8n c\u1ea3nh b\u00e1o giao th\u00f4ng n\u0103ng l\u01b0\u1ee3ng m\u1eb7t tr\u1eddi, \u0111\u00e8n c\u1ea3nh b\u00e1o tr\u00f2n\" \/>\n<meta property=\"og:description\" content=\"\u0110\u00e8n nh\u00e1y giao th\u00f4ng (\u0111\u00e8n c\u1ea3nh b\u00e1o tr\u00f2n) c\u00f3 c\u1ea5u t\u1ea1o \u0111\u01a1n gi\u1ea3n, l\u1eafp \u0111\u1eb7t d\u1ec5 d\u00e0ng, thi\u1ebft k\u1ebf nguy\u00ean kh\u1ed1i gi\u00fap h\u1ea1n ch\u1ebf bi\u1ebfn d\u1ea1ng do ngo\u1ea1i l\u1ef1c v\u00e0 ch\u1ed1ng ch\u1ecdi t\u1ed1t h\u01a1n v\u1edbi c\u00e1c \u0111i\u1ec1u ki\u1ec7n th\u1eddi ti\u1ebft kh\u1eafc nghi\u1ec7t.\" \/>\n<meta property=\"og:url\" content=\"https:\/\/hiqvina.com\/en\/product\/mini-round-warning-light-solar-mini-round-warning-light__trashed\/\" \/>\n<meta property=\"og:site_name\" content=\"Thi\u1ebft b\u1ecb an to\u00e0n giao th\u00f4ng\" \/>\n<meta property=\"article:publisher\" content=\"https:\/\/www.facebook.com\/hiqvina\/\" \/>\n<meta property=\"article:modified_time\" content=\"2024-10-02T09:01:39+00:00\" \/>\n<meta name=\"twitter:card\" content=\"summary_large_image\" \/>\n<meta name=\"twitter:image\" content=\"https:\/\/www.hiqvina.com\/wp-content\/uploads\/2021\/08\/33.webp\" \/>\n<meta name=\"twitter:label1\" content=\"Est. reading time\" \/>\n\t<meta name=\"twitter:data1\" content=\"1 minute\" \/>\n<script type=\"application\/ld+json\" class=\"yoast-schema-graph\">{\"@context\":\"https:\/\/schema.org\",\"@graph\":[{\"@type\":\"Organization\",\"@id\":\"https:\/\/www.hiqvina.com\/#organization\",\"name\":\"HIQ Vina Co., Ltd\",\"url\":\"https:\/\/www.hiqvina.com\/\",\"sameAs\":[\"https:\/\/www.facebook.com\/hiqvina\/\",\"https:\/\/www.youtube.com\/channel\/UCYwPV5oBGDfbvkRCQ3RcMhw?view_as=subscriber\"],\"logo\":{\"@type\":\"ImageObject\",\"@id\":\"https:\/\/www.hiqvina.com\/#logo\",\"inLanguage\":\"en-US\",\"url\":\"https:\/\/hiqvina.com\/wp-content\/uploads\/2021\/07\/logo-gan-vao-lightbox.png\",\"contentUrl\":\"https:\/\/hiqvina.com\/wp-content\/uploads\/2021\/07\/logo-gan-vao-lightbox.png\",\"width\":900,\"height\":600,\"caption\":\"HIQ Vina Co., Ltd\"},\"image\":{\"@id\":\"https:\/\/www.hiqvina.com\/#logo\"}},{\"@type\":\"WebSite\",\"@id\":\"https:\/\/www.hiqvina.com\/#website\",\"url\":\"https:\/\/www.hiqvina.com\/\",\"name\":\"Thi\\u1ebft b\\u1ecb an to\\u00e0n giao th\\u00f4ng\",\"description\":\"Hi-Q VINA\",\"publisher\":{\"@id\":\"https:\/\/www.hiqvina.com\/#organization\"},\"potentialAction\":[{\"@type\":\"SearchAction\",\"target\":{\"@type\":\"EntryPoint\",\"urlTemplate\":\"https:\/\/www.hiqvina.com\/?s={search_term_string}\"},\"query-input\":\"required name=search_term_string\"}],\"inLanguage\":\"en-US\"},{\"@type\":\"ImageObject\",\"@id\":\"https:\/\/hiqvina.com\/en\/product\/mini-round-warning-light-solar-mini-round-warning-light__trashed\/#primaryimage\",\"inLanguage\":\"en-US\",\"url\":\"https:\/\/www.hiqvina.com\/wp-content\/uploads\/2021\/08\/33.webp\",\"contentUrl\":\"https:\/\/www.hiqvina.com\/wp-content\/uploads\/2021\/08\/33.webp\",\"width\":480,\"height\":480,\"caption\":\"\\u0110\\u00e8n nh\\u00e1y c\\u1ea3nh b\\u00e1o\"},{\"@type\":\"WebPage\",\"@id\":\"https:\/\/hiqvina.com\/en\/product\/mini-round-warning-light-solar-mini-round-warning-light__trashed\/#webpage\",\"url\":\"https:\/\/hiqvina.com\/en\/product\/mini-round-warning-light-solar-mini-round-warning-light__trashed\/\",\"name\":\"\\u0111\\u00e8n c\\u1ea3nh b\\u00e1o giao th\\u00f4ng n\\u0103ng l\\u01b0\\u1ee3ng m\\u1eb7t tr\\u1eddi, \\u0111\\u00e8n c\\u1ea3nh b\\u00e1o tr\\u00f2n\",\"isPartOf\":{\"@id\":\"https:\/\/www.hiqvina.com\/#website\"},\"primaryImageOfPage\":{\"@id\":\"https:\/\/hiqvina.com\/en\/product\/mini-round-warning-light-solar-mini-round-warning-light__trashed\/#primaryimage\"},\"datePublished\":\"2019-07-31T12:23:36+00:00\",\"dateModified\":\"2024-10-02T09:01:39+00:00\",\"description\":\"\\u0110\\u00e8n nh\\u00e1y giao th\\u00f4ng (\\u0111\\u00e8n c\\u1ea3nh b\\u00e1o tr\\u00f2n) c\\u00f3 c\\u1ea5u t\\u1ea1o \\u0111\\u01a1n gi\\u1ea3n, l\\u1eafp \\u0111\\u1eb7t d\\u1ec5 d\\u00e0ng, thi\\u1ebft k\\u1ebf nguy\\u00ean kh\\u1ed1i gi\\u00fap h\\u1ea1n ch\\u1ebf bi\\u1ebfn d\\u1ea1ng do ngo\\u1ea1i l\\u1ef1c v\\u00e0 ch\\u1ed1ng ch\\u1ecdi t\\u1ed1t h\\u01a1n v\\u1edbi c\\u00e1c \\u0111i\\u1ec1u ki\\u1ec7n th\\u1eddi ti\\u1ebft kh\\u1eafc nghi\\u1ec7t.\",\"breadcrumb\":{\"@id\":\"https:\/\/hiqvina.com\/en\/product\/mini-round-warning-light-solar-mini-round-warning-light__trashed\/#breadcrumb\"},\"inLanguage\":\"en-US\",\"potentialAction\":[{\"@type\":\"ReadAction\",\"target\":[\"https:\/\/hiqvina.com\/en\/product\/mini-round-warning-light-solar-mini-round-warning-light__trashed\/\"]}]},{\"@type\":\"BreadcrumbList\",\"@id\":\"https:\/\/hiqvina.com\/en\/product\/mini-round-warning-light-solar-mini-round-warning-light__trashed\/#breadcrumb\",\"itemListElement\":[{\"@type\":\"ListItem\",\"position\":1,\"name\":\"Trang ch\\u1ee7\",\"item\":\"https:\/\/www.hiqvina.com\/\"},{\"@type\":\"ListItem\",\"position\":2,\"name\":\"T\\u1ea5t c\\u1ea3 s\\u1ea3n ph\\u1ea9m\",\"item\":\"https:\/\/hiqvina.com\/en\/shop\/\"},{\"@type\":\"ListItem\",\"position\":3,\"name\":\"Mini round warning light\/Solar mini round warning light\"}]}]}<\/script>\n<!-- \/ Yoast SEO plugin. -->","yoast_head_json":{"title":"\u0111\u00e8n c\u1ea3nh b\u00e1o giao th\u00f4ng n\u0103ng l\u01b0\u1ee3ng m\u1eb7t tr\u1eddi, \u0111\u00e8n c\u1ea3nh b\u00e1o tr\u00f2n","description":"\u0110\u00e8n nh\u00e1y giao th\u00f4ng (\u0111\u00e8n c\u1ea3nh b\u00e1o tr\u00f2n) c\u00f3 c\u1ea5u t\u1ea1o \u0111\u01a1n gi\u1ea3n, l\u1eafp \u0111\u1eb7t d\u1ec5 d\u00e0ng, thi\u1ebft k\u1ebf nguy\u00ean kh\u1ed1i gi\u00fap h\u1ea1n ch\u1ebf bi\u1ebfn d\u1ea1ng do ngo\u1ea1i l\u1ef1c v\u00e0 ch\u1ed1ng ch\u1ecdi t\u1ed1t h\u01a1n v\u1edbi c\u00e1c \u0111i\u1ec1u ki\u1ec7n th\u1eddi ti\u1ebft kh\u1eafc nghi\u1ec7t.","robots":{"index":"index","follow":"follow","max-snippet":"max-snippet:-1","max-image-preview":"max-image-preview:large","max-video-preview":"max-video-preview:-1"},"canonical":"https:\/\/hiqvina.com\/en\/product\/mini-round-warning-light-solar-mini-round-warning-light__trashed\/","og_locale":"en_US","og_type":"article","og_title":"\u0111\u00e8n c\u1ea3nh b\u00e1o giao th\u00f4ng n\u0103ng l\u01b0\u1ee3ng m\u1eb7t tr\u1eddi, \u0111\u00e8n c\u1ea3nh b\u00e1o tr\u00f2n","og_description":"\u0110\u00e8n nh\u00e1y giao th\u00f4ng (\u0111\u00e8n c\u1ea3nh b\u00e1o tr\u00f2n) c\u00f3 c\u1ea5u t\u1ea1o \u0111\u01a1n gi\u1ea3n, l\u1eafp \u0111\u1eb7t d\u1ec5 d\u00e0ng, thi\u1ebft k\u1ebf nguy\u00ean kh\u1ed1i gi\u00fap h\u1ea1n ch\u1ebf bi\u1ebfn d\u1ea1ng do ngo\u1ea1i l\u1ef1c v\u00e0 ch\u1ed1ng ch\u1ecdi t\u1ed1t h\u01a1n v\u1edbi c\u00e1c \u0111i\u1ec1u ki\u1ec7n th\u1eddi ti\u1ebft kh\u1eafc nghi\u1ec7t.","og_url":"https:\/\/hiqvina.com\/en\/product\/mini-round-warning-light-solar-mini-round-warning-light__trashed\/","og_site_name":"Thi\u1ebft b\u1ecb an to\u00e0n giao th\u00f4ng","article_publisher":"https:\/\/www.facebook.com\/hiqvina\/","article_modified_time":"2024-10-02T09:01:39+00:00","twitter_card":"summary_large_image","twitter_image":"https:\/\/www.hiqvina.com\/wp-content\/uploads\/2021\/08\/33.webp","twitter_misc":{"Est. reading time":"1 minute"},"schema":{"@context":"https:\/\/schema.org","@graph":[{"@type":"Organization","@id":"https:\/\/www.hiqvina.com\/#organization","name":"HIQ Vina Co., Ltd","url":"https:\/\/www.hiqvina.com\/","sameAs":["https:\/\/www.facebook.com\/hiqvina\/","https:\/\/www.youtube.com\/channel\/UCYwPV5oBGDfbvkRCQ3RcMhw?view_as=subscriber"],"logo":{"@type":"ImageObject","@id":"https:\/\/www.hiqvina.com\/#logo","inLanguage":"en-US","url":"https:\/\/hiqvina.com\/wp-content\/uploads\/2021\/07\/logo-gan-vao-lightbox.png","contentUrl":"https:\/\/hiqvina.com\/wp-content\/uploads\/2021\/07\/logo-gan-vao-lightbox.png","width":900,"height":600,"caption":"HIQ Vina Co., Ltd"},"image":{"@id":"https:\/\/www.hiqvina.com\/#logo"}},{"@type":"WebSite","@id":"https:\/\/www.hiqvina.com\/#website","url":"https:\/\/www.hiqvina.com\/","name":"Thi\u1ebft b\u1ecb an to\u00e0n giao th\u00f4ng","description":"Hi-Q VINA","publisher":{"@id":"https:\/\/www.hiqvina.com\/#organization"},"potentialAction":[{"@type":"SearchAction","target":{"@type":"EntryPoint","urlTemplate":"https:\/\/www.hiqvina.com\/?s={search_term_string}"},"query-input":"required name=search_term_string"}],"inLanguage":"en-US"},{"@type":"ImageObject","@id":"https:\/\/hiqvina.com\/en\/product\/mini-round-warning-light-solar-mini-round-warning-light__trashed\/#primaryimage","inLanguage":"en-US","url":"https:\/\/www.hiqvina.com\/wp-content\/uploads\/2021\/08\/33.webp","contentUrl":"https:\/\/www.hiqvina.com\/wp-content\/uploads\/2021\/08\/33.webp","width":480,"height":480,"caption":"\u0110\u00e8n nh\u00e1y c\u1ea3nh b\u00e1o"},{"@type":"WebPage","@id":"https:\/\/hiqvina.com\/en\/product\/mini-round-warning-light-solar-mini-round-warning-light__trashed\/#webpage","url":"https:\/\/hiqvina.com\/en\/product\/mini-round-warning-light-solar-mini-round-warning-light__trashed\/","name":"\u0111\u00e8n c\u1ea3nh b\u00e1o giao th\u00f4ng n\u0103ng l\u01b0\u1ee3ng m\u1eb7t tr\u1eddi, \u0111\u00e8n c\u1ea3nh b\u00e1o tr\u00f2n","isPartOf":{"@id":"https:\/\/www.hiqvina.com\/#website"},"primaryImageOfPage":{"@id":"https:\/\/hiqvina.com\/en\/product\/mini-round-warning-light-solar-mini-round-warning-light__trashed\/#primaryimage"},"datePublished":"2019-07-31T12:23:36+00:00","dateModified":"2024-10-02T09:01:39+00:00","description":"\u0110\u00e8n nh\u00e1y giao th\u00f4ng (\u0111\u00e8n c\u1ea3nh b\u00e1o tr\u00f2n) c\u00f3 c\u1ea5u t\u1ea1o \u0111\u01a1n gi\u1ea3n, l\u1eafp \u0111\u1eb7t d\u1ec5 d\u00e0ng, thi\u1ebft k\u1ebf nguy\u00ean kh\u1ed1i gi\u00fap h\u1ea1n ch\u1ebf bi\u1ebfn d\u1ea1ng do ngo\u1ea1i l\u1ef1c v\u00e0 ch\u1ed1ng ch\u1ecdi t\u1ed1t h\u01a1n v\u1edbi c\u00e1c \u0111i\u1ec1u ki\u1ec7n th\u1eddi ti\u1ebft kh\u1eafc nghi\u1ec7t.","breadcrumb":{"@id":"https:\/\/hiqvina.com\/en\/product\/mini-round-warning-light-solar-mini-round-warning-light__trashed\/#breadcrumb"},"inLanguage":"en-US","potentialAction":[{"@type":"ReadAction","target":["https:\/\/hiqvina.com\/en\/product\/mini-round-warning-light-solar-mini-round-warning-light__trashed\/"]}]},{"@type":"BreadcrumbList","@id":"https:\/\/hiqvina.com\/en\/product\/mini-round-warning-light-solar-mini-round-warning-light__trashed\/#breadcrumb","itemListElement":[{"@type":"ListItem","position":1,"name":"Trang ch\u1ee7","item":"https:\/\/www.hiqvina.com\/"},{"@type":"ListItem","position":2,"name":"T\u1ea5t c\u1ea3 s\u1ea3n ph\u1ea9m","item":"https:\/\/hiqvina.com\/en\/shop\/"},{"@type":"ListItem","position":3,"name":"Mini round warning light\/Solar mini round warning light"}]}]}},"_links":{"self":[{"href":"https:\/\/www.hiqvina.com\/en\/wp-json\/wp\/v2\/product\/2249"}],"collection":[{"href":"https:\/\/www.hiqvina.com\/en\/wp-json\/wp\/v2\/product"}],"about":[{"href":"https:\/\/www.hiqvina.com\/en\/wp-json\/wp\/v2\/types\/product"}],"replies":[{"embeddable":true,"href":"https:\/\/www.hiqvina.com\/en\/wp-json\/wp\/v2\/comments?post=2249"}],"version-history":[{"count":5,"href":"https:\/\/www.hiqvina.com\/en\/wp-json\/wp\/v2\/product\/2249\/revisions"}],"predecessor-version":[{"id":18633,"href":"https:\/\/www.hiqvina.com\/en\/wp-json\/wp\/v2\/product\/2249\/revisions\/18633"}],"wp:featuredmedia":[{"embeddable":true,"href":"https:\/\/www.hiqvina.com\/en\/wp-json\/wp\/v2\/media\/12174"}],"wp:attachment":[{"href":"https:\/\/www.hiqvina.com\/en\/wp-json\/wp\/v2\/media?parent=2249"}],"wp:term":[{"taxonomy":"product_cat","embeddable":true,"href":"https:\/\/www.hiqvina.com\/en\/wp-json\/wp\/v2\/product_cat?post=2249"},{"taxonomy":"product_tag","embeddable":true,"href":"https:\/\/www.hiqvina.com\/en\/wp-json\/wp\/v2\/product_tag?post=2249"}],"curies":[{"name":"wp","href":"https:\/\/api.w.org\/{rel}","templated":true}]}}