{"id":3171,"date":"2019-07-30T07:55:12","date_gmt":"2019-07-30T07:55:12","guid":{"rendered":"https:\/\/hiqvina.com\/cua-hang\/coc-tieu-hinh-chop-giao-thong-chuyen-dung\/"},"modified":"2025-06-10T13:16:35","modified_gmt":"2025-06-10T06:16:35","slug":"coc-tieu-hinh-chop-giao-thong-chuyen-dung__trashed","status":"publish","type":"product","link":"https:\/\/www.hiqvina.com\/en\/product\/coc-tieu-hinh-chop-giao-thong-chuyen-dung__trashed\/","title":{"rendered":"Express Way Color Cone"},"content":{"rendered":"\t\t<div data-elementor-type=\"product-post\" data-elementor-id=\"3171\" class=\"elementor elementor-3171 elementor-659\" data-elementor-settings=\"[]\">\n\t\t\t\t\t\t\t<div class=\"elementor-section-wrap\">\n\t\t\t\t\t\t\t<section class=\"elementor-section elementor-top-section elementor-element elementor-element-1c7615c elementor-section-boxed elementor-section-height-default elementor-section-height-default\" data-id=\"1c7615c\" data-element_type=\"section\">\n\t\t\t\t\t\t<div class=\"elementor-container elementor-column-gap-default\">\n\t\t\t\t\t<div class=\"elementor-column elementor-col-100 elementor-top-column elementor-element elementor-element-c9f457d\" data-id=\"c9f457d\" data-element_type=\"column\">\n\t\t\t<div class=\"elementor-widget-wrap elementor-element-populated\">\n\t\t\t\t\t\t\t\t<div class=\"elementor-element elementor-element-59a8111 elementor-widget elementor-widget-text-editor\" data-id=\"59a8111\" data-element_type=\"widget\" data-widget_type=\"text-editor.default\">\n\t\t\t\t<div class=\"elementor-widget-container\">\n\t\t\t\t\t\t\t\t<div class=\"flex-shrink-0 flex flex-col relative items-end\">\n<div>\n<div class=\"pt-0\">\n<div class=\"gizmo-bot-avatar flex h-8 w-8 items-center justify-center overflow-hidden rounded-full\">\n<div class=\"relative p-1 rounded-sm flex items-center justify-center bg-token-main-surface-primary text-token-text-primary h-8 w-8\">\u00a0<\/div>\n<\/div>\n<\/div>\n<\/div>\n<\/div>\n<div class=\"group\/conversation-turn relative flex w-full min-w-0 flex-col agent-turn\">\n<div class=\"flex-col gap-1 md:gap-3\">\n<div class=\"flex max-w-full flex-col flex-grow\">\n<div class=\"min-h-[20px] text-message flex w-full flex-col items-end gap-2 break-words [.text-message+&amp;]:mt-5 overflow-x-auto whitespace-normal\" dir=\"auto\" data-message-author-role=\"assistant\" data-message-id=\"7e6c6c0e-57d5-4485-b60b-273e2041bbf1\">\n<div class=\"flex w-full flex-col gap-1 empty:hidden first:pt-[3px]\">\n<div class=\"markdown prose w-full break-words dark:prose-invert light\">\n<p><span style=\"font-size: 14pt;\"><strong>Characteristic<\/strong><\/span><\/p>\n<ul>\n<li>\n<p>The cone is made from high-quality EVA plastic, offering excellent impact resistance. It is durable in harsh weather conditions, with its color remaining consistent throughout its usage.<\/p>\n<\/li>\n<li>\n<p>The cone can withstand impacts and collisions without breaking. It features a standard reflective film by Reflomax. The intelligent design allows for connection using a cone linking rod.<\/p>\n<\/li>\n<\/ul>\n<\/div>\n<\/div>\n<\/div>\n<\/div>\n<\/div>\n<\/div>\t\t\t\t\t\t<\/div>\n\t\t\t\t<\/div>\n\t\t\t\t\t<\/div>\n\t\t<\/div>\n\t\t\t\t\t\t\t<\/div>\n\t\t<\/section>\n\t\t\t\t<section class=\"elementor-section elementor-top-section elementor-element elementor-element-01970b2 elementor-section-boxed elementor-section-height-default elementor-section-height-default\" data-id=\"01970b2\" data-element_type=\"section\">\n\t\t\t\t\t\t<div class=\"elementor-container elementor-column-gap-default\">\n\t\t\t\t\t<div class=\"elementor-column elementor-col-100 elementor-top-column elementor-element elementor-element-6a5be26\" data-id=\"6a5be26\" data-element_type=\"column\">\n\t\t\t<div class=\"elementor-widget-wrap elementor-element-populated\">\n\t\t\t\t\t\t\t\t<div class=\"elementor-element elementor-element-a92b5f8 elementor-widget elementor-widget-text-editor\" data-id=\"a92b5f8\" data-element_type=\"widget\" data-widget_type=\"text-editor.default\">\n\t\t\t\t<div class=\"elementor-widget-container\">\n\t\t\t\t\t\t\t\t<p><span style=\"font-size: 14pt;\"><strong>Features:<\/strong><\/span><\/p>\n<ul>\n<li>\n<p>Two reflective bands are placed around the body of the cone, making it easily visible to drivers.<\/p>\n<\/li>\n<li>\n<p>The wide base can be weighted down with additional heavy objects to stabilize the cone, or it can be replaced with a rubber base (adding 2kg, with dimensions 370x370x20mm).<\/p>\n<\/li>\n<li>\n<p>Specifically designed for use in demanding environments such as highways and expressways.<\/p>\n<\/li>\n<\/ul>\t\t\t\t\t\t<\/div>\n\t\t\t\t<\/div>\n\t\t\t\t\t<\/div>\n\t\t<\/div>\n\t\t\t\t\t\t\t<\/div>\n\t\t<\/section>\n\t\t\t\t<section class=\"elementor-section elementor-top-section elementor-element elementor-element-ac669c7 elementor-section-boxed elementor-section-height-default elementor-section-height-default\" data-id=\"ac669c7\" data-element_type=\"section\">\n\t\t\t\t\t\t<div class=\"elementor-container elementor-column-gap-default\">\n\t\t\t\t\t<div class=\"elementor-column elementor-col-100 elementor-top-column elementor-element elementor-element-38fcaa9b\" data-id=\"38fcaa9b\" data-element_type=\"column\">\n\t\t\t<div class=\"elementor-widget-wrap elementor-element-populated\">\n\t\t\t\t\t\t\t\t<div class=\"elementor-element elementor-element-4a389c25 elementor-widget elementor-widget-text-editor\" data-id=\"4a389c25\" data-element_type=\"widget\" data-widget_type=\"text-editor.default\">\n\t\t\t\t<div class=\"elementor-widget-container\">\n\t\t\t\t\t\t\t\t<div class=\"flex-shrink-0 flex flex-col relative items-end\">\n<div>\n<div class=\"pt-0\">\n<div class=\"gizmo-bot-avatar flex h-8 w-8 items-center justify-center overflow-hidden rounded-full\">\n<div class=\"relative p-1 rounded-sm flex items-center justify-center bg-token-main-surface-primary text-token-text-primary h-8 w-8\"><span style=\"font-size: 14pt;\"><strong>Installation Locations:<\/strong><\/span><\/div>\n<\/div>\n<\/div>\n<\/div>\n<\/div>\n<div class=\"group\/conversation-turn relative flex w-full min-w-0 flex-col agent-turn\">\n<div class=\"flex-col gap-1 md:gap-3\">\n<div class=\"flex max-w-full flex-col flex-grow\">\n<div class=\"min-h-[20px] text-message flex w-full flex-col items-end gap-2 break-words [.text-message+&amp;]:mt-5 overflow-x-auto whitespace-normal\" dir=\"auto\" data-message-author-role=\"assistant\" data-message-id=\"7f83d898-2420-4f37-889e-2c88ef8ebd89\">\n<div class=\"flex w-full flex-col gap-1 empty:hidden first:pt-[3px]\">\n<div class=\"markdown prose w-full break-words dark:prose-invert light\">\n<ul>\n<li>\n<p>The product is installed in buildings, construction sites, public transportation infrastructure, or any location where warnings are required.<\/p>\n<\/li>\n<li>\n<p>Commonly installed on highways and national roads.<\/p>\n<\/li>\n<\/ul>\n<p><span style=\"font-size: 14pt;\"><strong>Origin:<\/strong> <\/span>South Korea<\/p>\n<\/div>\n<\/div>\n<\/div>\n<\/div>\n<\/div>\n<\/div>\t\t\t\t\t\t<\/div>\n\t\t\t\t<\/div>\n\t\t\t\t\t<\/div>\n\t\t<\/div>\n\t\t\t\t\t\t\t<\/div>\n\t\t<\/section>\n\t\t\t\t<section class=\"elementor-section elementor-top-section elementor-element elementor-element-b3ada55 elementor-section-boxed elementor-section-height-default elementor-section-height-default\" data-id=\"b3ada55\" data-element_type=\"section\">\n\t\t\t\t\t\t<div class=\"elementor-container elementor-column-gap-default\">\n\t\t\t\t\t<div class=\"elementor-column elementor-col-100 elementor-top-column elementor-element elementor-element-597026a\" data-id=\"597026a\" data-element_type=\"column\">\n\t\t\t<div class=\"elementor-widget-wrap elementor-element-populated\">\n\t\t\t\t\t\t\t\t<div class=\"elementor-element elementor-element-9d2a92e elementor-widget elementor-widget-heading\" data-id=\"9d2a92e\" data-element_type=\"widget\" data-widget_type=\"heading.default\">\n\t\t\t\t<div class=\"elementor-widget-container\">\n\t\t\t<h2 class=\"elementor-heading-title elementor-size-default\">Technical Drawing<\/h2>\t\t<\/div>\n\t\t\t\t<\/div>\n\t\t\t\t<div class=\"elementor-element elementor-element-2d841bd elementor-widget elementor-widget-image\" data-id=\"2d841bd\" data-element_type=\"widget\" data-widget_type=\"image.default\">\n\t\t\t\t<div class=\"elementor-widget-container\">\n\t\t\t\t\t\t\t\t\t\t\t\t\t\t\t<img width=\"768\" height=\"1099\" src=\"https:\/\/www.hiqvina.com\/wp-content\/uploads\/2019\/07\/Coc-chop-chuyen-dung_PDF.webp\" class=\"attachment-medium_large size-medium_large\" alt=\"\" loading=\"lazy\" \/>\t\t\t\t\t\t\t\t\t\t\t\t\t\t\t<\/div>\n\t\t\t\t<\/div>\n\t\t\t\t\t<\/div>\n\t\t<\/div>\n\t\t\t\t\t\t\t<\/div>\n\t\t<\/section>\n\t\t\t\t\t\t<\/div>\n\t\t\t\t\t<\/div>\n\t\t","protected":false},"excerpt":{"rendered":"<p>&nbsp; Characteristic The cone is made from high-quality EVA plastic, offering excellent impact resistance. It is durable in harsh weather conditions, with its color remaining consistent throughout its usage. The cone can withstand impacts and collisions without breaking. It features a standard reflective film by Reflomax. The intelligent design allows for connection using a cone [&hellip;]<\/p>\n","protected":false},"featured_media":12250,"comment_status":"open","ping_status":"closed","template":"","meta":[],"product_cat":[154],"product_tag":[179,180,162],"yoast_head":"<!-- This site is optimized with the Yoast SEO plugin v16.8 - https:\/\/yoast.com\/wordpress\/plugins\/seo\/ -->\n<title>Express Way Color Cone - Thi\u1ebft b\u1ecb an to\u00e0n giao th\u00f4ng<\/title>\n<meta name=\"description\" content=\"C\u1ecdc ti\u00eau h\u00ecnh ch\u00f3p \u0111\u01b0\u1ee3c l\u1eafp \u0111\u1eb7t t\u1ea1i c\u00e1c t\u00f2a nh\u00e0, c\u00f4ng tr\u01b0\u1eddng, c\u00f4ng tr\u00ecnh giao th\u00f4ng c\u00f4ng c\u1ed9ng ho\u1eb7c t\u1ea1i b\u1ea5t k\u00ec n\u01a1i \u0111\u00e2u khi c\u00f3 nhu c\u1ea7u c\u1ea3nh b\u00e1o.\" \/>\n<meta name=\"robots\" content=\"index, follow, max-snippet:-1, max-image-preview:large, max-video-preview:-1\" \/>\n<link rel=\"canonical\" href=\"https:\/\/www.hiqvina.com\/en\/product\/coc-tieu-hinh-chop-giao-thong-chuyen-dung__trashed\/\" \/>\n<meta property=\"og:locale\" content=\"en_US\" \/>\n<meta property=\"og:type\" content=\"article\" \/>\n<meta property=\"og:title\" content=\"Express Way Color Cone - Thi\u1ebft b\u1ecb an to\u00e0n giao th\u00f4ng\" \/>\n<meta property=\"og:description\" content=\"C\u1ecdc ti\u00eau h\u00ecnh ch\u00f3p \u0111\u01b0\u1ee3c l\u1eafp \u0111\u1eb7t t\u1ea1i c\u00e1c t\u00f2a nh\u00e0, c\u00f4ng tr\u01b0\u1eddng, c\u00f4ng tr\u00ecnh giao th\u00f4ng c\u00f4ng c\u1ed9ng ho\u1eb7c t\u1ea1i b\u1ea5t k\u00ec n\u01a1i \u0111\u00e2u khi c\u00f3 nhu c\u1ea7u c\u1ea3nh b\u00e1o.\" \/>\n<meta property=\"og:url\" content=\"https:\/\/www.hiqvina.com\/en\/product\/coc-tieu-hinh-chop-giao-thong-chuyen-dung__trashed\/\" \/>\n<meta property=\"og:site_name\" content=\"Thi\u1ebft b\u1ecb an to\u00e0n giao th\u00f4ng\" \/>\n<meta property=\"article:publisher\" content=\"https:\/\/www.facebook.com\/hiqvina\/\" \/>\n<meta property=\"article:modified_time\" content=\"2025-06-10T06:16:35+00:00\" \/>\n<meta name=\"twitter:card\" content=\"summary_large_image\" \/>\n<meta name=\"twitter:image\" content=\"https:\/\/www.hiqvina.com\/wp-content\/uploads\/2019\/07\/141.webp\" \/>\n<meta name=\"twitter:label1\" content=\"Est. reading time\" \/>\n\t<meta name=\"twitter:data1\" content=\"1 minute\" \/>\n<script type=\"application\/ld+json\" class=\"yoast-schema-graph\">{\"@context\":\"https:\/\/schema.org\",\"@graph\":[{\"@type\":\"Organization\",\"@id\":\"https:\/\/hiqvina.com\/en\/#organization\",\"name\":\"HIQ Vina Co., Ltd\",\"url\":\"https:\/\/hiqvina.com\/en\/\",\"sameAs\":[\"https:\/\/www.facebook.com\/hiqvina\/\",\"https:\/\/www.youtube.com\/channel\/UCYwPV5oBGDfbvkRCQ3RcMhw?view_as=subscriber\"],\"logo\":{\"@type\":\"ImageObject\",\"@id\":\"https:\/\/hiqvina.com\/en\/#logo\",\"inLanguage\":\"en-US\",\"url\":\"https:\/\/hiqvina.com\/wp-content\/uploads\/2021\/07\/logo-gan-vao-lightbox.png\",\"contentUrl\":\"https:\/\/hiqvina.com\/wp-content\/uploads\/2021\/07\/logo-gan-vao-lightbox.png\",\"width\":900,\"height\":600,\"caption\":\"HIQ Vina Co., Ltd\"},\"image\":{\"@id\":\"https:\/\/hiqvina.com\/en\/#logo\"}},{\"@type\":\"WebSite\",\"@id\":\"https:\/\/hiqvina.com\/en\/#website\",\"url\":\"https:\/\/hiqvina.com\/en\/\",\"name\":\"Thi\\u1ebft b\\u1ecb an to\\u00e0n giao th\\u00f4ng\",\"description\":\"Hi-Q VINA\",\"publisher\":{\"@id\":\"https:\/\/hiqvina.com\/en\/#organization\"},\"potentialAction\":[{\"@type\":\"SearchAction\",\"target\":{\"@type\":\"EntryPoint\",\"urlTemplate\":\"https:\/\/hiqvina.com\/en\/?s={search_term_string}\"},\"query-input\":\"required name=search_term_string\"}],\"inLanguage\":\"en-US\"},{\"@type\":\"ImageObject\",\"@id\":\"https:\/\/www.hiqvina.com\/en\/product\/coc-tieu-hinh-chop-giao-thong-chuyen-dung__trashed\/#primaryimage\",\"inLanguage\":\"en-US\",\"url\":\"https:\/\/www.hiqvina.com\/wp-content\/uploads\/2019\/07\/141.webp\",\"contentUrl\":\"https:\/\/www.hiqvina.com\/wp-content\/uploads\/2019\/07\/141.webp\",\"width\":768,\"height\":768},{\"@type\":\"WebPage\",\"@id\":\"https:\/\/www.hiqvina.com\/en\/product\/coc-tieu-hinh-chop-giao-thong-chuyen-dung__trashed\/#webpage\",\"url\":\"https:\/\/www.hiqvina.com\/en\/product\/coc-tieu-hinh-chop-giao-thong-chuyen-dung__trashed\/\",\"name\":\"Express Way Color Cone - Thi\\u1ebft b\\u1ecb an to\\u00e0n giao th\\u00f4ng\",\"isPartOf\":{\"@id\":\"https:\/\/hiqvina.com\/en\/#website\"},\"primaryImageOfPage\":{\"@id\":\"https:\/\/www.hiqvina.com\/en\/product\/coc-tieu-hinh-chop-giao-thong-chuyen-dung__trashed\/#primaryimage\"},\"datePublished\":\"2019-07-30T07:55:12+00:00\",\"dateModified\":\"2025-06-10T06:16:35+00:00\",\"description\":\"C\\u1ecdc ti\\u00eau h\\u00ecnh ch\\u00f3p \\u0111\\u01b0\\u1ee3c l\\u1eafp \\u0111\\u1eb7t t\\u1ea1i c\\u00e1c t\\u00f2a nh\\u00e0, c\\u00f4ng tr\\u01b0\\u1eddng, c\\u00f4ng tr\\u00ecnh giao th\\u00f4ng c\\u00f4ng c\\u1ed9ng ho\\u1eb7c t\\u1ea1i b\\u1ea5t k\\u00ec n\\u01a1i \\u0111\\u00e2u khi c\\u00f3 nhu c\\u1ea7u c\\u1ea3nh b\\u00e1o.\",\"breadcrumb\":{\"@id\":\"https:\/\/www.hiqvina.com\/en\/product\/coc-tieu-hinh-chop-giao-thong-chuyen-dung__trashed\/#breadcrumb\"},\"inLanguage\":\"en-US\",\"potentialAction\":[{\"@type\":\"ReadAction\",\"target\":[\"https:\/\/www.hiqvina.com\/en\/product\/coc-tieu-hinh-chop-giao-thong-chuyen-dung__trashed\/\"]}]},{\"@type\":\"BreadcrumbList\",\"@id\":\"https:\/\/www.hiqvina.com\/en\/product\/coc-tieu-hinh-chop-giao-thong-chuyen-dung__trashed\/#breadcrumb\",\"itemListElement\":[{\"@type\":\"ListItem\",\"position\":1,\"name\":\"Trang ch\\u1ee7\",\"item\":\"https:\/\/hiqvina.com\/en\/\"},{\"@type\":\"ListItem\",\"position\":2,\"name\":\"T\\u1ea5t c\\u1ea3 s\\u1ea3n ph\\u1ea9m\",\"item\":\"https:\/\/hiqvina.com\/en\/shop\/\"},{\"@type\":\"ListItem\",\"position\":3,\"name\":\"Express Way Color Cone\"}]}]}<\/script>\n<!-- \/ Yoast SEO plugin. -->","yoast_head_json":{"title":"Express Way Color Cone - Thi\u1ebft b\u1ecb an to\u00e0n giao th\u00f4ng","description":"C\u1ecdc ti\u00eau h\u00ecnh ch\u00f3p \u0111\u01b0\u1ee3c l\u1eafp \u0111\u1eb7t t\u1ea1i c\u00e1c t\u00f2a nh\u00e0, c\u00f4ng tr\u01b0\u1eddng, c\u00f4ng tr\u00ecnh giao th\u00f4ng c\u00f4ng c\u1ed9ng ho\u1eb7c t\u1ea1i b\u1ea5t k\u00ec n\u01a1i \u0111\u00e2u khi c\u00f3 nhu c\u1ea7u c\u1ea3nh b\u00e1o.","robots":{"index":"index","follow":"follow","max-snippet":"max-snippet:-1","max-image-preview":"max-image-preview:large","max-video-preview":"max-video-preview:-1"},"canonical":"https:\/\/www.hiqvina.com\/en\/product\/coc-tieu-hinh-chop-giao-thong-chuyen-dung__trashed\/","og_locale":"en_US","og_type":"article","og_title":"Express Way Color Cone - Thi\u1ebft b\u1ecb an to\u00e0n giao th\u00f4ng","og_description":"C\u1ecdc ti\u00eau h\u00ecnh ch\u00f3p \u0111\u01b0\u1ee3c l\u1eafp \u0111\u1eb7t t\u1ea1i c\u00e1c t\u00f2a nh\u00e0, c\u00f4ng tr\u01b0\u1eddng, c\u00f4ng tr\u00ecnh giao th\u00f4ng c\u00f4ng c\u1ed9ng ho\u1eb7c t\u1ea1i b\u1ea5t k\u00ec n\u01a1i \u0111\u00e2u khi c\u00f3 nhu c\u1ea7u c\u1ea3nh b\u00e1o.","og_url":"https:\/\/www.hiqvina.com\/en\/product\/coc-tieu-hinh-chop-giao-thong-chuyen-dung__trashed\/","og_site_name":"Thi\u1ebft b\u1ecb an to\u00e0n giao th\u00f4ng","article_publisher":"https:\/\/www.facebook.com\/hiqvina\/","article_modified_time":"2025-06-10T06:16:35+00:00","twitter_card":"summary_large_image","twitter_image":"https:\/\/www.hiqvina.com\/wp-content\/uploads\/2019\/07\/141.webp","twitter_misc":{"Est. reading time":"1 minute"},"schema":{"@context":"https:\/\/schema.org","@graph":[{"@type":"Organization","@id":"https:\/\/hiqvina.com\/en\/#organization","name":"HIQ Vina Co., Ltd","url":"https:\/\/hiqvina.com\/en\/","sameAs":["https:\/\/www.facebook.com\/hiqvina\/","https:\/\/www.youtube.com\/channel\/UCYwPV5oBGDfbvkRCQ3RcMhw?view_as=subscriber"],"logo":{"@type":"ImageObject","@id":"https:\/\/hiqvina.com\/en\/#logo","inLanguage":"en-US","url":"https:\/\/hiqvina.com\/wp-content\/uploads\/2021\/07\/logo-gan-vao-lightbox.png","contentUrl":"https:\/\/hiqvina.com\/wp-content\/uploads\/2021\/07\/logo-gan-vao-lightbox.png","width":900,"height":600,"caption":"HIQ Vina Co., Ltd"},"image":{"@id":"https:\/\/hiqvina.com\/en\/#logo"}},{"@type":"WebSite","@id":"https:\/\/hiqvina.com\/en\/#website","url":"https:\/\/hiqvina.com\/en\/","name":"Thi\u1ebft b\u1ecb an to\u00e0n giao th\u00f4ng","description":"Hi-Q VINA","publisher":{"@id":"https:\/\/hiqvina.com\/en\/#organization"},"potentialAction":[{"@type":"SearchAction","target":{"@type":"EntryPoint","urlTemplate":"https:\/\/hiqvina.com\/en\/?s={search_term_string}"},"query-input":"required name=search_term_string"}],"inLanguage":"en-US"},{"@type":"ImageObject","@id":"https:\/\/www.hiqvina.com\/en\/product\/coc-tieu-hinh-chop-giao-thong-chuyen-dung__trashed\/#primaryimage","inLanguage":"en-US","url":"https:\/\/www.hiqvina.com\/wp-content\/uploads\/2019\/07\/141.webp","contentUrl":"https:\/\/www.hiqvina.com\/wp-content\/uploads\/2019\/07\/141.webp","width":768,"height":768},{"@type":"WebPage","@id":"https:\/\/www.hiqvina.com\/en\/product\/coc-tieu-hinh-chop-giao-thong-chuyen-dung__trashed\/#webpage","url":"https:\/\/www.hiqvina.com\/en\/product\/coc-tieu-hinh-chop-giao-thong-chuyen-dung__trashed\/","name":"Express Way Color Cone - Thi\u1ebft b\u1ecb an to\u00e0n giao th\u00f4ng","isPartOf":{"@id":"https:\/\/hiqvina.com\/en\/#website"},"primaryImageOfPage":{"@id":"https:\/\/www.hiqvina.com\/en\/product\/coc-tieu-hinh-chop-giao-thong-chuyen-dung__trashed\/#primaryimage"},"datePublished":"2019-07-30T07:55:12+00:00","dateModified":"2025-06-10T06:16:35+00:00","description":"C\u1ecdc ti\u00eau h\u00ecnh ch\u00f3p \u0111\u01b0\u1ee3c l\u1eafp \u0111\u1eb7t t\u1ea1i c\u00e1c t\u00f2a nh\u00e0, c\u00f4ng tr\u01b0\u1eddng, c\u00f4ng tr\u00ecnh giao th\u00f4ng c\u00f4ng c\u1ed9ng ho\u1eb7c t\u1ea1i b\u1ea5t k\u00ec n\u01a1i \u0111\u00e2u khi c\u00f3 nhu c\u1ea7u c\u1ea3nh b\u00e1o.","breadcrumb":{"@id":"https:\/\/www.hiqvina.com\/en\/product\/coc-tieu-hinh-chop-giao-thong-chuyen-dung__trashed\/#breadcrumb"},"inLanguage":"en-US","potentialAction":[{"@type":"ReadAction","target":["https:\/\/www.hiqvina.com\/en\/product\/coc-tieu-hinh-chop-giao-thong-chuyen-dung__trashed\/"]}]},{"@type":"BreadcrumbList","@id":"https:\/\/www.hiqvina.com\/en\/product\/coc-tieu-hinh-chop-giao-thong-chuyen-dung__trashed\/#breadcrumb","itemListElement":[{"@type":"ListItem","position":1,"name":"Trang ch\u1ee7","item":"https:\/\/hiqvina.com\/en\/"},{"@type":"ListItem","position":2,"name":"T\u1ea5t c\u1ea3 s\u1ea3n ph\u1ea9m","item":"https:\/\/hiqvina.com\/en\/shop\/"},{"@type":"ListItem","position":3,"name":"Express Way Color Cone"}]}]}},"_links":{"self":[{"href":"https:\/\/www.hiqvina.com\/en\/wp-json\/wp\/v2\/product\/3171"}],"collection":[{"href":"https:\/\/www.hiqvina.com\/en\/wp-json\/wp\/v2\/product"}],"about":[{"href":"https:\/\/www.hiqvina.com\/en\/wp-json\/wp\/v2\/types\/product"}],"replies":[{"embeddable":true,"href":"https:\/\/www.hiqvina.com\/en\/wp-json\/wp\/v2\/comments?post=3171"}],"version-history":[{"count":11,"href":"https:\/\/www.hiqvina.com\/en\/wp-json\/wp\/v2\/product\/3171\/revisions"}],"predecessor-version":[{"id":20193,"href":"https:\/\/www.hiqvina.com\/en\/wp-json\/wp\/v2\/product\/3171\/revisions\/20193"}],"wp:featuredmedia":[{"embeddable":true,"href":"https:\/\/www.hiqvina.com\/en\/wp-json\/wp\/v2\/media\/12250"}],"wp:attachment":[{"href":"https:\/\/www.hiqvina.com\/en\/wp-json\/wp\/v2\/media?parent=3171"}],"wp:term":[{"taxonomy":"product_cat","embeddable":true,"href":"https:\/\/www.hiqvina.com\/en\/wp-json\/wp\/v2\/product_cat?post=3171"},{"taxonomy":"product_tag","embeddable":true,"href":"https:\/\/www.hiqvina.com\/en\/wp-json\/wp\/v2\/product_tag?post=3171"}],"curies":[{"name":"wp","href":"https:\/\/api.w.org\/{rel}","templated":true}]}}