{"id":3445,"date":"2019-07-17T06:40:39","date_gmt":"2019-07-16T23:40:39","guid":{"rendered":"https:\/\/hiqvina.com\/cua-hang\/flexible-post-block-hard-stand\/"},"modified":"2025-06-02T15:31:33","modified_gmt":"2025-06-02T08:31:33","slug":"flexible-post-block-hard-stand","status":"publish","type":"product","link":"https:\/\/www.hiqvina.com\/en\/product\/flexible-post-block-hard-stand\/","title":{"rendered":"Flexible Post Block (hard stand)"},"content":{"rendered":"\t\t<div data-elementor-type=\"product-post\" data-elementor-id=\"3445\" class=\"elementor elementor-3445 elementor-297\" data-elementor-settings=\"[]\">\n\t\t\t\t\t\t\t<div class=\"elementor-section-wrap\">\n\t\t\t\t\t\t\t<section class=\"elementor-section elementor-top-section elementor-element elementor-element-46d979f elementor-section-content-middle elementor-section-boxed elementor-section-height-default elementor-section-height-default\" data-id=\"46d979f\" data-element_type=\"section\" data-settings=\"{&quot;background_background&quot;:&quot;classic&quot;}\">\n\t\t\t\t\t\t<div class=\"elementor-container elementor-column-gap-default\">\n\t\t\t\t\t<div class=\"elementor-column elementor-col-66 elementor-top-column elementor-element elementor-element-a5772f1\" data-id=\"a5772f1\" data-element_type=\"column\">\n\t\t\t<div class=\"elementor-widget-wrap elementor-element-populated\">\n\t\t\t\t\t\t\t\t<div class=\"elementor-element elementor-element-38bea4ff elementor-widget elementor-widget-text-editor\" data-id=\"38bea4ff\" data-element_type=\"widget\" data-widget_type=\"text-editor.default\">\n\t\t\t\t<div class=\"elementor-widget-container\">\n\t\t\t\t\t\t\t\t<ul>\n<li>\n<p>The base is made of rigid PE plastic, designed to withstand impacts from heavy vehicles. It is durable over time.<\/p>\n<\/li>\n<li>\n<p>The rigid base has the necessary weight to endure harsh weather conditions.<\/p>\n<\/li>\n<li>\n<p>The cylindrical post is covered with reflective film and made from PU, offering excellent recovery and good elasticity.<\/p>\n<\/li>\n<\/ul>\t\t\t\t\t\t<\/div>\n\t\t\t\t<\/div>\n\t\t\t\t\t<\/div>\n\t\t<\/div>\n\t\t\t\t<div class=\"elementor-column elementor-col-33 elementor-top-column elementor-element elementor-element-025eefc\" data-id=\"025eefc\" data-element_type=\"column\">\n\t\t\t<div class=\"elementor-widget-wrap elementor-element-populated\">\n\t\t\t\t\t\t\t\t<div class=\"elementor-element elementor-element-0d255ab elementor-aspect-ratio-169 elementor-widget elementor-widget-video\" data-id=\"0d255ab\" data-element_type=\"widget\" data-settings=\"{&quot;youtube_url&quot;:&quot;https:\\\/\\\/www.youtube.com\\\/watch?v=V7dU3sKdUWk&quot;,&quot;video_type&quot;:&quot;youtube&quot;,&quot;controls&quot;:&quot;yes&quot;,&quot;aspect_ratio&quot;:&quot;169&quot;}\" data-widget_type=\"video.default\">\n\t\t\t\t<div class=\"elementor-widget-container\">\n\t\t\t\t\t<div class=\"elementor-wrapper elementor-fit-aspect-ratio elementor-open-inline\">\n\t\t\t<div class=\"elementor-video\"><\/div>\t\t<\/div>\n\t\t\t\t<\/div>\n\t\t\t\t<\/div>\n\t\t\t\t\t<\/div>\n\t\t<\/div>\n\t\t\t\t\t\t\t<\/div>\n\t\t<\/section>\n\t\t\t\t<section class=\"elementor-section elementor-top-section elementor-element elementor-element-280978e elementor-section-content-middle elementor-section-boxed elementor-section-height-default elementor-section-height-default\" data-id=\"280978e\" data-element_type=\"section\" data-settings=\"{&quot;background_background&quot;:&quot;classic&quot;}\">\n\t\t\t\t\t\t<div class=\"elementor-container elementor-column-gap-default\">\n\t\t\t\t\t<div class=\"elementor-column elementor-col-33 elementor-top-column elementor-element elementor-element-857f488\" data-id=\"857f488\" data-element_type=\"column\">\n\t\t\t<div class=\"elementor-widget-wrap elementor-element-populated\">\n\t\t\t\t\t\t\t\t<div class=\"elementor-element elementor-element-6fabdee elementor-widget elementor-widget-image\" data-id=\"6fabdee\" data-element_type=\"widget\" data-widget_type=\"image.default\">\n\t\t\t\t<div class=\"elementor-widget-container\">\n\t\t\t\t\t\t\t\t\t\t\t\t\t\t\t<img width=\"608\" height=\"893\" src=\"https:\/\/www.hiqvina.com\/wp-content\/uploads\/2019\/07\/dai-phan-lan-co-de-cam-coc-tieu.webp\" class=\"attachment-large size-large\" alt=\"\" loading=\"lazy\" \/>\t\t\t\t\t\t\t\t\t\t\t\t\t\t\t<\/div>\n\t\t\t\t<\/div>\n\t\t\t\t\t<\/div>\n\t\t<\/div>\n\t\t\t\t<div class=\"elementor-column elementor-col-66 elementor-top-column elementor-element elementor-element-d090773\" data-id=\"d090773\" data-element_type=\"column\">\n\t\t\t<div class=\"elementor-widget-wrap elementor-element-populated\">\n\t\t\t\t\t\t\t\t<div class=\"elementor-element elementor-element-ccb820c elementor-widget elementor-widget-text-editor\" data-id=\"ccb820c\" data-element_type=\"widget\" data-widget_type=\"text-editor.default\">\n\t\t\t\t<div class=\"elementor-widget-container\">\n\t\t\t\t\t\t\t\t<ul>\n<li>\n<h2><strong style=\"font-size: 14pt;\">Characteristics:<\/strong><\/h2>\n<\/li>\n<\/ul>\n<ul>\n<li>\n<p>The base has a convex-concave structure that enhances impact resistance.<\/p>\n<\/li>\n<li>\n<p>The base comes in black and yellow colors, which are installed sequentially to improve visibility for drivers.<\/p>\n<\/li>\n<li>\n<p>Easy to maintain, service, and repair.<\/p>\n<\/li>\n<li>\n<p>The product can be easily installed and moved, allowing for quick deployment.<\/p>\n<\/li>\n<\/ul>\t\t\t\t\t\t<\/div>\n\t\t\t\t<\/div>\n\t\t\t\t\t<\/div>\n\t\t<\/div>\n\t\t\t\t\t\t\t<\/div>\n\t\t<\/section>\n\t\t\t\t<section class=\"elementor-section elementor-top-section elementor-element elementor-element-d534e53 elementor-section-boxed elementor-section-height-default elementor-section-height-default\" data-id=\"d534e53\" data-element_type=\"section\">\n\t\t\t\t\t\t<div class=\"elementor-container elementor-column-gap-default\">\n\t\t\t\t\t<div class=\"elementor-column elementor-col-100 elementor-top-column elementor-element elementor-element-a0c5c12\" data-id=\"a0c5c12\" data-element_type=\"column\">\n\t\t\t<div class=\"elementor-widget-wrap elementor-element-populated\">\n\t\t\t\t\t\t\t\t<div class=\"elementor-element elementor-element-fa856b1 elementor-widget elementor-widget-text-editor\" data-id=\"fa856b1\" data-element_type=\"widget\" data-widget_type=\"text-editor.default\">\n\t\t\t\t<div class=\"elementor-widget-container\">\n\t\t\t\t\t\t\t\t<h2><span style=\"font-size: 14pt;\"><strong>Installation Locations for Flexible Post Block (Hard Stand):<\/strong><\/span><\/h2>\n<ul>\n<li>\n<p>Install on urban roads to delineate lanes for vehicles and prevent illegal U-turns.<\/p>\n<\/li>\n<li>\n<p>Install in building basements, underpasses, and on ramps leading up\/down the basement.<\/p>\n<\/li>\n<\/ul>\t\t\t\t\t\t<\/div>\n\t\t\t\t<\/div>\n\t\t\t\t<div class=\"elementor-element elementor-element-360272d elementor-widget elementor-widget-gallery\" data-id=\"360272d\" data-element_type=\"widget\" data-settings=\"{&quot;gallery_layout&quot;:&quot;justified&quot;,&quot;lazyload&quot;:&quot;yes&quot;,&quot;ideal_row_height&quot;:{&quot;unit&quot;:&quot;px&quot;,&quot;size&quot;:200,&quot;sizes&quot;:[]},&quot;ideal_row_height_tablet&quot;:{&quot;unit&quot;:&quot;px&quot;,&quot;size&quot;:150,&quot;sizes&quot;:[]},&quot;ideal_row_height_mobile&quot;:{&quot;unit&quot;:&quot;px&quot;,&quot;size&quot;:150,&quot;sizes&quot;:[]},&quot;gap&quot;:{&quot;unit&quot;:&quot;px&quot;,&quot;size&quot;:10,&quot;sizes&quot;:[]},&quot;gap_tablet&quot;:{&quot;unit&quot;:&quot;px&quot;,&quot;size&quot;:10,&quot;sizes&quot;:[]},&quot;gap_mobile&quot;:{&quot;unit&quot;:&quot;px&quot;,&quot;size&quot;:10,&quot;sizes&quot;:[]},&quot;link_to&quot;:&quot;file&quot;,&quot;overlay_background&quot;:&quot;yes&quot;,&quot;content_hover_animation&quot;:&quot;fade-in&quot;}\" data-widget_type=\"gallery.default\">\n\t\t\t\t<div class=\"elementor-widget-container\">\n\t\t\t\t\t<div class=\"elementor-gallery__container\">\n\t\t\t\t\t\t\t<a class=\"e-gallery-item elementor-gallery-item elementor-animated-content\" href=\"https:\/\/www.hiqvina.com\/wp-content\/uploads\/2019\/07\/dai-phan-lan-co-de-cam-coc-tieu-4.webp\" data-elementor-open-lightbox=\"yes\" data-elementor-lightbox-slideshow=\"all-360272d\" data-elementor-lightbox-title=\"dai-phan-lan-co-de-cam-coc-tieu-4\">\n\t\t\t\t\t<div class=\"e-gallery-image elementor-gallery-item__image\" data-thumbnail=\"https:\/\/www.hiqvina.com\/wp-content\/uploads\/2019\/07\/dai-phan-lan-co-de-cam-coc-tieu-4.webp\" data-width=\"300\" data-height=\"188\" alt=\"\" ><\/div>\n\t\t\t\t\t\t\t\t\t\t<div class=\"elementor-gallery-item__overlay\"><\/div>\n\t\t\t\t\t\t\t\t\t\t\t\t\t\t<\/a>\n\t\t\t\t\t\t\t<a class=\"e-gallery-item elementor-gallery-item elementor-animated-content\" href=\"https:\/\/www.hiqvina.com\/wp-content\/uploads\/2019\/07\/dai-phan-lan-co-de-cam-coc-tieu-3.webp\" data-elementor-open-lightbox=\"yes\" data-elementor-lightbox-slideshow=\"all-360272d\" data-elementor-lightbox-title=\"dai-phan-lan-co-de-cam-coc-tieu-3\">\n\t\t\t\t\t<div class=\"e-gallery-image elementor-gallery-item__image\" data-thumbnail=\"https:\/\/www.hiqvina.com\/wp-content\/uploads\/2019\/07\/dai-phan-lan-co-de-cam-coc-tieu-3.webp\" data-width=\"300\" data-height=\"200\" alt=\"\" ><\/div>\n\t\t\t\t\t\t\t\t\t\t<div class=\"elementor-gallery-item__overlay\"><\/div>\n\t\t\t\t\t\t\t\t\t\t\t\t\t\t<\/a>\n\t\t\t\t\t\t\t<a class=\"e-gallery-item elementor-gallery-item elementor-animated-content\" href=\"https:\/\/www.hiqvina.com\/wp-content\/uploads\/2019\/07\/dai-phan-lan-co-de-cam-coc-tieu-2.webp\" data-elementor-open-lightbox=\"yes\" data-elementor-lightbox-slideshow=\"all-360272d\" data-elementor-lightbox-title=\"dai-phan-lan-co-de-cam-coc-tieu-2\">\n\t\t\t\t\t<div class=\"e-gallery-image elementor-gallery-item__image\" data-thumbnail=\"https:\/\/www.hiqvina.com\/wp-content\/uploads\/2019\/07\/dai-phan-lan-co-de-cam-coc-tieu-2.webp\" data-width=\"300\" data-height=\"199\" alt=\"\" ><\/div>\n\t\t\t\t\t\t\t\t\t\t<div class=\"elementor-gallery-item__overlay\"><\/div>\n\t\t\t\t\t\t\t\t\t\t\t\t\t\t<\/a>\n\t\t\t\t\t\t\t<a class=\"e-gallery-item elementor-gallery-item elementor-animated-content\" href=\"https:\/\/www.hiqvina.com\/wp-content\/uploads\/2019\/07\/dai-phan-lan-co-de-cam-coc-tieu-1.webp\" data-elementor-open-lightbox=\"yes\" data-elementor-lightbox-slideshow=\"all-360272d\" data-elementor-lightbox-title=\"dai-phan-lan-co-de-cam-coc-tieu-1\">\n\t\t\t\t\t<div class=\"e-gallery-image elementor-gallery-item__image\" data-thumbnail=\"https:\/\/www.hiqvina.com\/wp-content\/uploads\/2019\/07\/dai-phan-lan-co-de-cam-coc-tieu-1.webp\" data-width=\"300\" data-height=\"225\" alt=\"\" ><\/div>\n\t\t\t\t\t\t\t\t\t\t<div class=\"elementor-gallery-item__overlay\"><\/div>\n\t\t\t\t\t\t\t\t\t\t\t\t\t\t<\/a>\n\t\t\t\t\t<\/div>\n\t\t\t<\/div>\n\t\t\t\t<\/div>\n\t\t\t\t\t<\/div>\n\t\t<\/div>\n\t\t\t\t\t\t\t<\/div>\n\t\t<\/section>\n\t\t\t\t<section class=\"elementor-section elementor-top-section elementor-element elementor-element-8ad634 elementor-section-boxed elementor-section-height-default elementor-section-height-default\" data-id=\"8ad634\" data-element_type=\"section\">\n\t\t\t\t\t\t<div class=\"elementor-container elementor-column-gap-default\">\n\t\t\t\t\t<div class=\"elementor-column elementor-col-100 elementor-top-column elementor-element elementor-element-77fe63d3\" data-id=\"77fe63d3\" data-element_type=\"column\">\n\t\t\t<div class=\"elementor-widget-wrap\">\n\t\t\t\t\t\t\t\t\t<\/div>\n\t\t<\/div>\n\t\t\t\t\t\t\t<\/div>\n\t\t<\/section>\n\t\t\t\t<section class=\"elementor-section elementor-top-section elementor-element elementor-element-63a00a0 elementor-section-boxed elementor-section-height-default elementor-section-height-default\" data-id=\"63a00a0\" data-element_type=\"section\">\n\t\t\t\t\t\t<div class=\"elementor-container elementor-column-gap-default\">\n\t\t\t\t\t<div class=\"elementor-column elementor-col-100 elementor-top-column elementor-element elementor-element-6ed37eb\" data-id=\"6ed37eb\" data-element_type=\"column\">\n\t\t\t<div class=\"elementor-widget-wrap elementor-element-populated\">\n\t\t\t\t\t\t\t\t<div class=\"elementor-element elementor-element-9e2ac92 elementor-widget elementor-widget-heading\" data-id=\"9e2ac92\" data-element_type=\"widget\" data-widget_type=\"heading.default\">\n\t\t\t\t<div class=\"elementor-widget-container\">\n\t\t\t<h2 class=\"elementor-heading-title elementor-size-default\">Technical Drawing<\/h2>\t\t<\/div>\n\t\t\t\t<\/div>\n\t\t\t\t<div class=\"elementor-element elementor-element-8edf76f elementor-widget elementor-widget-image\" data-id=\"8edf76f\" data-element_type=\"widget\" data-widget_type=\"image.default\">\n\t\t\t\t<div class=\"elementor-widget-container\">\n\t\t\t\t\t\t\t\t\t\t\t\t\t\t\t<img width=\"1024\" height=\"725\" src=\"https:\/\/www.hiqvina.com\/wp-content\/uploads\/2019\/07\/Dai-phan-la-co-de-cam-coc-tieu-scaled.webp\" class=\"attachment-large size-large\" alt=\"\" loading=\"lazy\" \/>\t\t\t\t\t\t\t\t\t\t\t\t\t\t\t<\/div>\n\t\t\t\t<\/div>\n\t\t\t\t\t<\/div>\n\t\t<\/div>\n\t\t\t\t\t\t\t<\/div>\n\t\t<\/section>\n\t\t\t\t<section class=\"elementor-section elementor-top-section elementor-element elementor-element-509809a elementor-section-boxed elementor-section-height-default elementor-section-height-default\" data-id=\"509809a\" data-element_type=\"section\">\n\t\t\t\t\t\t<div class=\"elementor-container elementor-column-gap-default\">\n\t\t\t\t\t<div class=\"elementor-column elementor-col-100 elementor-top-column elementor-element elementor-element-4696f66\" data-id=\"4696f66\" data-element_type=\"column\">\n\t\t\t<div class=\"elementor-widget-wrap elementor-element-populated\">\n\t\t\t\t\t\t\t\t<div class=\"elementor-element elementor-element-71ab13f elementor-widget elementor-widget-text-editor\" data-id=\"71ab13f\" data-element_type=\"widget\" data-widget_type=\"text-editor.default\">\n\t\t\t\t<div class=\"elementor-widget-container\">\n\t\t\t\t\t\t\t\t<p><strong>Origin:<\/strong> South Korea<\/p>\n<p>The product comes with a set of 7-inch screws and anchors.<\/p>\t\t\t\t\t\t<\/div>\n\t\t\t\t<\/div>\n\t\t\t\t\t<\/div>\n\t\t<\/div>\n\t\t\t\t\t\t\t<\/div>\n\t\t<\/section>\n\t\t\t\t\t\t<\/div>\n\t\t\t\t\t<\/div>\n\t\t","protected":false},"excerpt":{"rendered":"<p>The base is made of rigid PE plastic, designed to withstand impacts from heavy vehicles. It is durable over time. The rigid base has the necessary weight to endure harsh weather conditions. The cylindrical post is covered with reflective film and made from PU, offering excellent recovery and good elasticity. https:\/\/www.youtube.com\/watch?v=V7dU3sKdUWk Characteristics: The base has [&hellip;]<\/p>\n","protected":false},"featured_media":12126,"comment_status":"open","ping_status":"closed","template":"","meta":[],"product_cat":[151,153,154],"product_tag":[219,220],"yoast_head":"<!-- This site is optimized with the Yoast SEO plugin v16.8 - https:\/\/yoast.com\/wordpress\/plugins\/seo\/ -->\n<title>Flexible Post Block (hard stand) - Thi\u1ebft b\u1ecb an to\u00e0n giao th\u00f4ng<\/title>\n<meta name=\"description\" content=\"D\u1ea3i ph\u00e2n l\u00e0n c\u00f3 \u0111\u1ebf c\u1eafm c\u1ecdc ti\u00eau, v\u1edbi \u0111\u1ebf l\u00e0m t\u1eeb PE, c\u1ecdc tr\u1ee5c l\u00e0m t\u1eeb PU \u0111\u01b0\u1ee3c d\u00e1n ph\u1ea3n quang. Gi\u00fap t\u0103ng kh\u1ea3 n\u0103ng nh\u1eadn bi\u1ebft, ch\u1ed1ng ch\u1ecbu va \u0111\u1eadp.\" \/>\n<meta name=\"robots\" content=\"index, follow, max-snippet:-1, max-image-preview:large, max-video-preview:-1\" \/>\n<link rel=\"canonical\" href=\"https:\/\/www.hiqvina.com\/en\/product\/flexible-post-block-hard-stand\/\" \/>\n<meta property=\"og:locale\" content=\"en_US\" \/>\n<meta property=\"og:type\" content=\"article\" \/>\n<meta property=\"og:title\" content=\"Flexible Post Block (hard stand) - Thi\u1ebft b\u1ecb an to\u00e0n giao th\u00f4ng\" \/>\n<meta property=\"og:description\" content=\"D\u1ea3i ph\u00e2n l\u00e0n c\u00f3 \u0111\u1ebf c\u1eafm c\u1ecdc ti\u00eau, v\u1edbi \u0111\u1ebf l\u00e0m t\u1eeb PE, c\u1ecdc tr\u1ee5c l\u00e0m t\u1eeb PU \u0111\u01b0\u1ee3c d\u00e1n ph\u1ea3n quang. Gi\u00fap t\u0103ng kh\u1ea3 n\u0103ng nh\u1eadn bi\u1ebft, ch\u1ed1ng ch\u1ecbu va \u0111\u1eadp.\" \/>\n<meta property=\"og:url\" content=\"https:\/\/www.hiqvina.com\/en\/product\/flexible-post-block-hard-stand\/\" \/>\n<meta property=\"og:site_name\" content=\"Thi\u1ebft b\u1ecb an to\u00e0n giao th\u00f4ng\" \/>\n<meta property=\"article:publisher\" content=\"https:\/\/www.facebook.com\/hiqvina\/\" \/>\n<meta property=\"article:modified_time\" content=\"2025-06-02T08:31:33+00:00\" \/>\n<meta name=\"twitter:card\" content=\"summary_large_image\" \/>\n<meta name=\"twitter:image\" content=\"https:\/\/www.hiqvina.com\/wp-content\/uploads\/2021\/08\/9.webp\" \/>\n<meta name=\"twitter:label1\" content=\"Est. reading time\" \/>\n\t<meta name=\"twitter:data1\" content=\"1 minute\" \/>\n<script type=\"application\/ld+json\" class=\"yoast-schema-graph\">{\"@context\":\"https:\/\/schema.org\",\"@graph\":[{\"@type\":\"Organization\",\"@id\":\"https:\/\/www.hiqvina.com\/#organization\",\"name\":\"HIQ Vina Co., Ltd\",\"url\":\"https:\/\/www.hiqvina.com\/\",\"sameAs\":[\"https:\/\/www.facebook.com\/hiqvina\/\",\"https:\/\/www.youtube.com\/channel\/UCYwPV5oBGDfbvkRCQ3RcMhw?view_as=subscriber\"],\"logo\":{\"@type\":\"ImageObject\",\"@id\":\"https:\/\/www.hiqvina.com\/#logo\",\"inLanguage\":\"en-US\",\"url\":\"https:\/\/hiqvina.com\/wp-content\/uploads\/2021\/07\/logo-gan-vao-lightbox.png\",\"contentUrl\":\"https:\/\/hiqvina.com\/wp-content\/uploads\/2021\/07\/logo-gan-vao-lightbox.png\",\"width\":900,\"height\":600,\"caption\":\"HIQ Vina Co., Ltd\"},\"image\":{\"@id\":\"https:\/\/www.hiqvina.com\/#logo\"}},{\"@type\":\"WebSite\",\"@id\":\"https:\/\/www.hiqvina.com\/#website\",\"url\":\"https:\/\/www.hiqvina.com\/\",\"name\":\"Thi\\u1ebft b\\u1ecb an to\\u00e0n giao th\\u00f4ng\",\"description\":\"Hi-Q VINA\",\"publisher\":{\"@id\":\"https:\/\/www.hiqvina.com\/#organization\"},\"potentialAction\":[{\"@type\":\"SearchAction\",\"target\":{\"@type\":\"EntryPoint\",\"urlTemplate\":\"https:\/\/www.hiqvina.com\/?s={search_term_string}\"},\"query-input\":\"required name=search_term_string\"}],\"inLanguage\":\"en-US\"},{\"@type\":\"ImageObject\",\"@id\":\"https:\/\/www.hiqvina.com\/en\/product\/flexible-post-block-hard-stand\/#primaryimage\",\"inLanguage\":\"en-US\",\"url\":\"https:\/\/www.hiqvina.com\/wp-content\/uploads\/2021\/08\/9.webp\",\"contentUrl\":\"https:\/\/www.hiqvina.com\/wp-content\/uploads\/2021\/08\/9.webp\",\"width\":480,\"height\":480},{\"@type\":\"WebPage\",\"@id\":\"https:\/\/www.hiqvina.com\/en\/product\/flexible-post-block-hard-stand\/#webpage\",\"url\":\"https:\/\/www.hiqvina.com\/en\/product\/flexible-post-block-hard-stand\/\",\"name\":\"Flexible Post Block (hard stand) - Thi\\u1ebft b\\u1ecb an to\\u00e0n giao th\\u00f4ng\",\"isPartOf\":{\"@id\":\"https:\/\/www.hiqvina.com\/#website\"},\"primaryImageOfPage\":{\"@id\":\"https:\/\/www.hiqvina.com\/en\/product\/flexible-post-block-hard-stand\/#primaryimage\"},\"datePublished\":\"2019-07-16T23:40:39+00:00\",\"dateModified\":\"2025-06-02T08:31:33+00:00\",\"description\":\"D\\u1ea3i ph\\u00e2n l\\u00e0n c\\u00f3 \\u0111\\u1ebf c\\u1eafm c\\u1ecdc ti\\u00eau, v\\u1edbi \\u0111\\u1ebf l\\u00e0m t\\u1eeb PE, c\\u1ecdc tr\\u1ee5c l\\u00e0m t\\u1eeb PU \\u0111\\u01b0\\u1ee3c d\\u00e1n ph\\u1ea3n quang. Gi\\u00fap t\\u0103ng kh\\u1ea3 n\\u0103ng nh\\u1eadn bi\\u1ebft, ch\\u1ed1ng ch\\u1ecbu va \\u0111\\u1eadp.\",\"breadcrumb\":{\"@id\":\"https:\/\/www.hiqvina.com\/en\/product\/flexible-post-block-hard-stand\/#breadcrumb\"},\"inLanguage\":\"en-US\",\"potentialAction\":[{\"@type\":\"ReadAction\",\"target\":[\"https:\/\/www.hiqvina.com\/en\/product\/flexible-post-block-hard-stand\/\"]}]},{\"@type\":\"BreadcrumbList\",\"@id\":\"https:\/\/www.hiqvina.com\/en\/product\/flexible-post-block-hard-stand\/#breadcrumb\",\"itemListElement\":[{\"@type\":\"ListItem\",\"position\":1,\"name\":\"Trang ch\\u1ee7\",\"item\":\"https:\/\/www.hiqvina.com\/\"},{\"@type\":\"ListItem\",\"position\":2,\"name\":\"T\\u1ea5t c\\u1ea3 s\\u1ea3n ph\\u1ea9m\",\"item\":\"https:\/\/hiqvina.com\/en\/shop\/\"},{\"@type\":\"ListItem\",\"position\":3,\"name\":\"Flexible Post Block (hard stand)\"}]}]}<\/script>\n<!-- \/ Yoast SEO plugin. -->","yoast_head_json":{"title":"Flexible Post Block (hard stand) - Thi\u1ebft b\u1ecb an to\u00e0n giao th\u00f4ng","description":"D\u1ea3i ph\u00e2n l\u00e0n c\u00f3 \u0111\u1ebf c\u1eafm c\u1ecdc ti\u00eau, v\u1edbi \u0111\u1ebf l\u00e0m t\u1eeb PE, c\u1ecdc tr\u1ee5c l\u00e0m t\u1eeb PU \u0111\u01b0\u1ee3c d\u00e1n ph\u1ea3n quang. Gi\u00fap t\u0103ng kh\u1ea3 n\u0103ng nh\u1eadn bi\u1ebft, ch\u1ed1ng ch\u1ecbu va \u0111\u1eadp.","robots":{"index":"index","follow":"follow","max-snippet":"max-snippet:-1","max-image-preview":"max-image-preview:large","max-video-preview":"max-video-preview:-1"},"canonical":"https:\/\/www.hiqvina.com\/en\/product\/flexible-post-block-hard-stand\/","og_locale":"en_US","og_type":"article","og_title":"Flexible Post Block (hard stand) - Thi\u1ebft b\u1ecb an to\u00e0n giao th\u00f4ng","og_description":"D\u1ea3i ph\u00e2n l\u00e0n c\u00f3 \u0111\u1ebf c\u1eafm c\u1ecdc ti\u00eau, v\u1edbi \u0111\u1ebf l\u00e0m t\u1eeb PE, c\u1ecdc tr\u1ee5c l\u00e0m t\u1eeb PU \u0111\u01b0\u1ee3c d\u00e1n ph\u1ea3n quang. Gi\u00fap t\u0103ng kh\u1ea3 n\u0103ng nh\u1eadn bi\u1ebft, ch\u1ed1ng ch\u1ecbu va \u0111\u1eadp.","og_url":"https:\/\/www.hiqvina.com\/en\/product\/flexible-post-block-hard-stand\/","og_site_name":"Thi\u1ebft b\u1ecb an to\u00e0n giao th\u00f4ng","article_publisher":"https:\/\/www.facebook.com\/hiqvina\/","article_modified_time":"2025-06-02T08:31:33+00:00","twitter_card":"summary_large_image","twitter_image":"https:\/\/www.hiqvina.com\/wp-content\/uploads\/2021\/08\/9.webp","twitter_misc":{"Est. reading time":"1 minute"},"schema":{"@context":"https:\/\/schema.org","@graph":[{"@type":"Organization","@id":"https:\/\/www.hiqvina.com\/#organization","name":"HIQ Vina Co., Ltd","url":"https:\/\/www.hiqvina.com\/","sameAs":["https:\/\/www.facebook.com\/hiqvina\/","https:\/\/www.youtube.com\/channel\/UCYwPV5oBGDfbvkRCQ3RcMhw?view_as=subscriber"],"logo":{"@type":"ImageObject","@id":"https:\/\/www.hiqvina.com\/#logo","inLanguage":"en-US","url":"https:\/\/hiqvina.com\/wp-content\/uploads\/2021\/07\/logo-gan-vao-lightbox.png","contentUrl":"https:\/\/hiqvina.com\/wp-content\/uploads\/2021\/07\/logo-gan-vao-lightbox.png","width":900,"height":600,"caption":"HIQ Vina Co., Ltd"},"image":{"@id":"https:\/\/www.hiqvina.com\/#logo"}},{"@type":"WebSite","@id":"https:\/\/www.hiqvina.com\/#website","url":"https:\/\/www.hiqvina.com\/","name":"Thi\u1ebft b\u1ecb an to\u00e0n giao th\u00f4ng","description":"Hi-Q VINA","publisher":{"@id":"https:\/\/www.hiqvina.com\/#organization"},"potentialAction":[{"@type":"SearchAction","target":{"@type":"EntryPoint","urlTemplate":"https:\/\/www.hiqvina.com\/?s={search_term_string}"},"query-input":"required name=search_term_string"}],"inLanguage":"en-US"},{"@type":"ImageObject","@id":"https:\/\/www.hiqvina.com\/en\/product\/flexible-post-block-hard-stand\/#primaryimage","inLanguage":"en-US","url":"https:\/\/www.hiqvina.com\/wp-content\/uploads\/2021\/08\/9.webp","contentUrl":"https:\/\/www.hiqvina.com\/wp-content\/uploads\/2021\/08\/9.webp","width":480,"height":480},{"@type":"WebPage","@id":"https:\/\/www.hiqvina.com\/en\/product\/flexible-post-block-hard-stand\/#webpage","url":"https:\/\/www.hiqvina.com\/en\/product\/flexible-post-block-hard-stand\/","name":"Flexible Post Block (hard stand) - Thi\u1ebft b\u1ecb an to\u00e0n giao th\u00f4ng","isPartOf":{"@id":"https:\/\/www.hiqvina.com\/#website"},"primaryImageOfPage":{"@id":"https:\/\/www.hiqvina.com\/en\/product\/flexible-post-block-hard-stand\/#primaryimage"},"datePublished":"2019-07-16T23:40:39+00:00","dateModified":"2025-06-02T08:31:33+00:00","description":"D\u1ea3i ph\u00e2n l\u00e0n c\u00f3 \u0111\u1ebf c\u1eafm c\u1ecdc ti\u00eau, v\u1edbi \u0111\u1ebf l\u00e0m t\u1eeb PE, c\u1ecdc tr\u1ee5c l\u00e0m t\u1eeb PU \u0111\u01b0\u1ee3c d\u00e1n ph\u1ea3n quang. Gi\u00fap t\u0103ng kh\u1ea3 n\u0103ng nh\u1eadn bi\u1ebft, ch\u1ed1ng ch\u1ecbu va \u0111\u1eadp.","breadcrumb":{"@id":"https:\/\/www.hiqvina.com\/en\/product\/flexible-post-block-hard-stand\/#breadcrumb"},"inLanguage":"en-US","potentialAction":[{"@type":"ReadAction","target":["https:\/\/www.hiqvina.com\/en\/product\/flexible-post-block-hard-stand\/"]}]},{"@type":"BreadcrumbList","@id":"https:\/\/www.hiqvina.com\/en\/product\/flexible-post-block-hard-stand\/#breadcrumb","itemListElement":[{"@type":"ListItem","position":1,"name":"Trang ch\u1ee7","item":"https:\/\/www.hiqvina.com\/"},{"@type":"ListItem","position":2,"name":"T\u1ea5t c\u1ea3 s\u1ea3n ph\u1ea9m","item":"https:\/\/hiqvina.com\/en\/shop\/"},{"@type":"ListItem","position":3,"name":"Flexible Post Block (hard stand)"}]}]}},"_links":{"self":[{"href":"https:\/\/www.hiqvina.com\/en\/wp-json\/wp\/v2\/product\/3445"}],"collection":[{"href":"https:\/\/www.hiqvina.com\/en\/wp-json\/wp\/v2\/product"}],"about":[{"href":"https:\/\/www.hiqvina.com\/en\/wp-json\/wp\/v2\/types\/product"}],"replies":[{"embeddable":true,"href":"https:\/\/www.hiqvina.com\/en\/wp-json\/wp\/v2\/comments?post=3445"}],"version-history":[{"count":12,"href":"https:\/\/www.hiqvina.com\/en\/wp-json\/wp\/v2\/product\/3445\/revisions"}],"predecessor-version":[{"id":20151,"href":"https:\/\/www.hiqvina.com\/en\/wp-json\/wp\/v2\/product\/3445\/revisions\/20151"}],"wp:featuredmedia":[{"embeddable":true,"href":"https:\/\/www.hiqvina.com\/en\/wp-json\/wp\/v2\/media\/12126"}],"wp:attachment":[{"href":"https:\/\/www.hiqvina.com\/en\/wp-json\/wp\/v2\/media?parent=3445"}],"wp:term":[{"taxonomy":"product_cat","embeddable":true,"href":"https:\/\/www.hiqvina.com\/en\/wp-json\/wp\/v2\/product_cat?post=3445"},{"taxonomy":"product_tag","embeddable":true,"href":"https:\/\/www.hiqvina.com\/en\/wp-json\/wp\/v2\/product_tag?post=3445"}],"curies":[{"name":"wp","href":"https:\/\/api.w.org\/{rel}","templated":true}]}}